{"id":896,"date":"2021-04-10T03:52:52","date_gmt":"2021-04-10T03:52:52","guid":{"rendered":"https:\/\/loszapatosdecatalina.com\/index.php\/home\/"},"modified":"2023-06-08T02:00:43","modified_gmt":"2023-06-08T02:00:43","slug":"inicio","status":"publish","type":"page","link":"https:\/\/loszapatosdecatalina.com\/","title":{"rendered":"Inicio"},"content":{"rendered":"\n<div style=\"height:100px\" aria-hidden=\"true\" class=\"wp-block-spacer\"><\/div>\n\n\n\n<div class=\"wp-block-uagb-container uagb-block-af4fdb89 alignfull uagb-is-root-container\">\n<h1 class=\"wp-block-heading has-text-align-center uag-hide-mob\">Los zapatos de Catalina<\/h1>\n<\/div>\n\n\n\n<div class=\"wp-block-uagb-container uagb-block-aed56395 alignfull uagb-is-root-container\"><div class=\"uagb-container-inner-blocks-wrap\">\n<div class=\"wp-block-uagb-container uagb-block-b19ad8ad\">\n<figure class=\"wp-block-image aligncenter size-large\"><img decoding=\"async\" loading=\"lazy\" width=\"1024\" height=\"1024\" src=\"https:\/\/loszapatosdecatalina.com\/wp-content\/uploads\/2023\/05\/Catalina100-1024x1024.jpg\" alt=\"\" class=\"wp-image-1769\" srcset=\"https:\/\/loszapatosdecatalina.com\/wp-content\/uploads\/2023\/05\/Catalina100-1024x1024.jpg 1024w, https:\/\/loszapatosdecatalina.com\/wp-content\/uploads\/2023\/05\/Catalina100-300x300.jpg 300w, https:\/\/loszapatosdecatalina.com\/wp-content\/uploads\/2023\/05\/Catalina100-150x150.jpg 150w, https:\/\/loszapatosdecatalina.com\/wp-content\/uploads\/2023\/05\/Catalina100-768x768.jpg 768w, https:\/\/loszapatosdecatalina.com\/wp-content\/uploads\/2023\/05\/Catalina100-1536x1536.jpg 1536w, https:\/\/loszapatosdecatalina.com\/wp-content\/uploads\/2023\/05\/Catalina100-600x600.jpg 600w, https:\/\/loszapatosdecatalina.com\/wp-content\/uploads\/2023\/05\/Catalina100-100x100.jpg 100w, https:\/\/loszapatosdecatalina.com\/wp-content\/uploads\/2023\/05\/Catalina100.jpg 1800w\" sizes=\"(max-width: 1024px) 100vw, 1024px\" \/><\/figure>\n<\/div>\n\n\n\n<div class=\"wp-block-uagb-container uagb-block-ba777b53\">\n<p style=\"margin-top:0px;margin-right:0px;margin-bottom:0px;margin-left:0px\"><strong>Los zapatos de Catalina<\/strong> (@loszapatosdecatalina en Instagram y Facebook) es un espacio seguro en redes sociales en el que las mujeres pueden compartir an\u00f3nimamente sus testimonios de violencia de g\u00e9nero para romper silencios y ser escuchadas, contenidas y, de alguna manera, acompa\u00f1adas. Nunca juzgadas, violentadas, ni revictimizadas.<\/p>\n\n\n\n<p style=\"margin-top:0;margin-right:0;margin-bottom:0;margin-left:0\">Desde el 25 de noviembre de 2019 \u2014D\u00eda Internacional de la Eliminaci\u00f3n de la Violencia contra la Mujer\u2014 que inici\u00f3 este proyecto, m\u00e1s de 150 mujeres en m\u00e1s de 10 pa\u00edses han compartido an\u00f3nimamente sus historias de vida, resiliencia, fortaleza, coraje, dignidad y resistencia para generar empat\u00eda, hacernos preguntas, rehacernos en las respuestas, tomar espacios y construir paz a trav\u00e9s de nuestra palabra.<\/p>\n<\/div>\n<\/div><\/div>\n\n\n\n<div class=\"wp-block-uagb-container uagb-block-d5f75d2e alignfull uagb-is-root-container\"><div class=\"uagb-container-inner-blocks-wrap\"><\/div><\/div>\n\n\n\n<div class=\"wp-block-uagb-container uagb-block-1ca5df29 alignfull uagb-is-root-container\"><div class=\"uagb-container-inner-blocks-wrap\">\n<div class=\"wp-block-uagb-container uagb-block-3a0deba0\">\n<div class=\"wp-block-uagb-container uagb-block-72a7d445\">\n<h3 class=\"wp-block-heading has-text-align-center has-large-font-size\" style=\"margin-top:var(--wp--preset--spacing--70);margin-right:0;margin-bottom:0;margin-left:0\">Cuando una mujer cuenta su historia, hace la revoluci\u00f3n<\/h3>\n<\/div>\n\n\n\n<p>Este libro es una recopilaci\u00f3n de diez testimonios de mujeres an\u00f3nimas que estuvieron en situaci\u00f3n de refugio y\/o en el Centro de Atenci\u00f3n a la Mujer (CAM) en Hermosillo, Sonora, M\u00e9xico por violencia de g\u00e9nero extrema.<\/p>\n\n\n\n<p>Si la violencia comienza en las creencias m\u00e1s arraigadas que nos inculcan y en las narrativas internas m\u00e1s \u00edntimas a trav\u00e9s de las palabras que (nos) decimos, entonces el lenguaje es tambi\u00e9n una poderosa herramienta para crear paz, construir puentes, tomar espacios y generar nuevos y mejores mundos posibles.<\/p>\n\n\n\n<div class=\"wp-block-buttons is-vertical is-content-justification-center is-layout-flex wp-container-1\">\n<div class=\"wp-block-button has-custom-width wp-block-button__width-50\"><a class=\"wp-block-button__link has-ast-global-color-6-color has-ast-global-color-7-background-color has-text-color has-background wp-element-button\"><strong>Libro impreso (env\u00edos en M\u00e9xico)<\/strong><\/a><\/div>\n<\/div>\n<\/div>\n\n\n\n<div class=\"wp-block-uagb-container uagb-block-60eb627c\">\n<div class=\"wp-block-uagb-image aligncenter uagb-block-1535b57e wp-block-uagb-image--layout-default wp-block-uagb-image--effect-static wp-block-uagb-image--align-center\"><figure class=\"wp-block-uagb-image__figure\"><img decoding=\"async\" srcset=\"https:\/\/loszapatosdecatalina.com\/wp-content\/uploads\/2023\/05\/Loszapatisdecatalina-portada-669x1024.png , https:\/\/loszapatosdecatalina.com\/wp-content\/uploads\/2023\/05\/Loszapatisdecatalina-portada-669x1024.png 360w\" sizes=\"(max-width: 480px) 150px\" src=\"https:\/\/loszapatosdecatalina.com\/wp-content\/uploads\/2023\/05\/Loszapatisdecatalina-portada-669x1024.png\" alt=\"\" class=\"uag-image-1680\" width=\"412\" height=\"482\" title=\"\" loading=\"lazy\"\/><\/figure><\/div>\n<\/div>\n<\/div><\/div>\n\n\n\n<div class=\"wp-block-uagb-container uagb-block-90399a38 alignfull uagb-is-root-container\"><div class=\"uagb-container-inner-blocks-wrap\">\n<div style=\"height:50px\" aria-hidden=\"true\" class=\"wp-block-spacer\"><\/div>\n\n\n\n<h3 class=\"wp-block-heading has-text-align-center\">Descarga gratuita de la versi\u00f3n digital<\/h3>\n\n\n\n<p class=\"has-text-align-center has-ast-global-color-7-color has-text-color\">Para obtener la versi\u00f3n en PDF del libro&nbsp;<em>Los zapatos de Catalina<\/em>, llena este formulario. Al dar click en el bot\u00f3n \u201cQuiero el libro en PDF\u201d, tendr\u00e1s el enlace&nbsp;de&nbsp;descarga.<\/p>\n\n\n<div class=\"wpforms-container \" id=\"wpforms-13\"><form id=\"wpforms-form-13\" class=\"wpforms-validate wpforms-form\" data-formid=\"13\" method=\"post\" enctype=\"multipart\/form-data\" action=\"\/index.php\/wp-json\/wp\/v2\/pages\/896\" data-token=\"2a2d2480ed6f3a780ba9951a7ed26cc3\"><noscript class=\"wpforms-error-noscript\">Por favor, activa JavaScript en tu navegador para completar este formulario.<\/noscript><div class=\"wpforms-field-container\"><div id=\"wpforms-13-field_1-container\" class=\"wpforms-field wpforms-field-name\" data-field-id=\"1\"><label class=\"wpforms-field-label wpforms-label-hide\" for=\"wpforms-13-field_1\">Nombre <span class=\"wpforms-required-label\">*<\/span><\/label><div class=\"wpforms-field-row wpforms-field-large\"><div class=\"wpforms-field-row-block wpforms-first wpforms-one-half\"><input type=\"text\" id=\"wpforms-13-field_1\" class=\"wpforms-field-name-first wpforms-field-required\" name=\"wpforms[fields][1][first]\" required><label for=\"wpforms-13-field_1\" class=\"wpforms-field-sublabel after \">Nombre<\/label><\/div><div class=\"wpforms-field-row-block wpforms-one-half\"><input type=\"text\" id=\"wpforms-13-field_1-last\" class=\"wpforms-field-name-last wpforms-field-required\" name=\"wpforms[fields][1][last]\" required><label for=\"wpforms-13-field_1-last\" class=\"wpforms-field-sublabel after \">Apellidos<\/label><\/div><\/div><\/div><div id=\"wpforms-13-field_2-container\" class=\"wpforms-field wpforms-field-email\" data-field-id=\"2\"><label class=\"wpforms-field-label wpforms-label-hide\" for=\"wpforms-13-field_2\">Correo electr\u00f3nico <span class=\"wpforms-required-label\">*<\/span><\/label><input type=\"email\" id=\"wpforms-13-field_2\" class=\"wpforms-field-large wpforms-field-required\" name=\"wpforms[fields][2]\" placeholder=\"Correo electr\u00f3nico\" spellcheck=\"false\" required><\/div><div id=\"wpforms-13-field_9-container\" class=\"wpforms-field wpforms-field-text\" data-field-id=\"9\"><label class=\"wpforms-field-label\" for=\"wpforms-13-field_9\">Direcci\u00f3n de Instagram (opcional)<\/label><input type=\"text\" id=\"wpforms-13-field_9\" class=\"wpforms-field-medium\" name=\"wpforms[fields][9]\" ><div class=\"wpforms-field-description\">@nombredeusuario<\/div><\/div><div id=\"wpforms-13-field_7-container\" class=\"wpforms-field wpforms-field-text\" data-field-id=\"7\"><label class=\"wpforms-field-label\" for=\"wpforms-13-field_7\">Pa\u00eds <span class=\"wpforms-required-label\">*<\/span><\/label><input type=\"text\" id=\"wpforms-13-field_7\" class=\"wpforms-field-medium wpforms-field-required\" name=\"wpforms[fields][7]\" required><\/div><div id=\"wpforms-13-field_8-container\" class=\"wpforms-field wpforms-field-text\" data-field-id=\"8\"><label class=\"wpforms-field-label\" for=\"wpforms-13-field_8\">Edad <span class=\"wpforms-required-label\">*<\/span><\/label><input type=\"text\" id=\"wpforms-13-field_8\" class=\"wpforms-field-medium wpforms-field-required\" name=\"wpforms[fields][8]\" required><\/div><div id=\"wpforms-13-field_4-container\" class=\"wpforms-field wpforms-field-textarea\" data-field-id=\"4\"><label class=\"wpforms-field-label wpforms-label-hide\" for=\"wpforms-13-field_4\">Mensaje<\/label><textarea id=\"wpforms-13-field_4\" class=\"wpforms-field-medium\" name=\"wpforms[fields][4]\" placeholder=\"Mensaje\" ><\/textarea><div class=\"wpforms-field-description\">\u00bfTe gustar\u00eda comentar algo acerca del proyecto?<\/div><\/div><div id=\"wpforms-13-field_6-container\" class=\"wpforms-field wpforms-field-gdpr-checkbox\" data-field-id=\"6\"><label class=\"wpforms-field-label wpforms-label-hide\" for=\"wpforms-13-field_6\">Acuerdo RGPD  <span class=\"wpforms-required-label\">*<\/span><\/label><ul id=\"wpforms-13-field_6\" class=\"wpforms-field-required\"><li class=\"choice-1\"><input type=\"checkbox\" id=\"wpforms-13-field_6_1\" name=\"wpforms[fields][6][]\" value=\"Doy mi consentimiento para que esta web almacene la informaci\u00f3n que env\u00edo para que puedan responder a mi petici\u00f3n.  Autorizo que mi informaci\u00f3n personal sea utilizada \u00fanicamente con fines estad\u00edsticos.\" required ><label class=\"wpforms-field-label-inline\" for=\"wpforms-13-field_6_1\">Doy mi consentimiento para que esta web almacene la informaci\u00f3n que env\u00edo para que puedan responder a mi petici\u00f3n.  Autorizo que mi informaci\u00f3n personal sea utilizada \u00fanicamente con fines estad\u00edsticos. <span class=\"wpforms-required-label\">*<\/span><\/label><\/li><\/ul><\/div><\/div><!-- .wpforms-field-container --><div class=\"wpforms-submit-container\" ><input type=\"hidden\" name=\"wpforms[id]\" value=\"13\"><input type=\"hidden\" name=\"wpforms[author]\" value=\"1\"><button type=\"submit\" name=\"wpforms[submit]\" id=\"wpforms-submit-13\" class=\"wpforms-submit\" data-alt-text=\"Enviando...\" data-submit-text=\"Quiero el libro en PDF\" aria-live=\"assertive\" value=\"wpforms-submit\">Quiero el libro en PDF<\/button><\/div><\/form><\/div>  <!-- .wpforms-container -->\n\n\n\n<div style=\"height:50px\" aria-hidden=\"true\" class=\"wp-block-spacer\"><\/div>\n<\/div><\/div>\n\n\n\n<div class=\"wp-block-uagb-container uagb-block-9f5f15db alignfull uagb-is-root-container\"><\/div>\n\n\n\n<div class=\"wp-block-uagb-container uagb-block-191eb44d alignfull uagb-is-root-container\">\n<div class=\"wp-block-uagb-container uagb-block-b9c831ab\">\n<div class=\"wp-block-cover alignfull\" style=\"min-height:610px\"><span aria-hidden=\"true\" class=\"wp-block-cover__background has-ast-global-color-3-background-color has-background-dim-100 has-background-dim\"><\/span><div class=\"wp-block-cover__inner-container\">\n<p class=\"has-text-align-center has-large-font-size\">Gabriela Roch\u00edn Navarro<\/p>\n\n\n\n<p>Gabriela Roch\u00edn Navarro (1982) es una escritora, comunicadora y activista nacida en Hermosillo, Sonora. Estudi\u00f3 una Maestr\u00eda en Comunicaci\u00f3n y Estudios de la Cultura en el Instituto de Investigaci\u00f3n en Comunicaci\u00f3n y Cultura en la Ciudad de M\u00e9xico.<\/p>\n\n\n\n<p>En 2019 inici\u00f3 en redes sociales el proyecto Los zapatos de Catalina que gener\u00f3 la primera edici\u00f3n de su libro impreso durante 2023. Ha impartido talleres a mujeres en M\u00e9xico, Argentina y Colombia para acompa\u00f1arlas a contar sus historias.<\/p>\n<\/div><\/div>\n<\/div>\n\n\n\n<div class=\"wp-block-uagb-container uagb-block-c459d62f\">\n<div class=\"wp-block-cover alignfull is-light\" style=\"min-height:610px\"><span aria-hidden=\"true\" class=\"wp-block-cover__background has-background-dim-0 has-background-dim\"><\/span><img decoding=\"async\" loading=\"lazy\" width=\"1600\" height=\"1066\" class=\"wp-block-cover__image-background wp-image-1686\" alt=\"\" src=\"http:\/\/loszapatosdecatalina.com\/wp-content\/uploads\/2023\/05\/Gabriela-Rochin.jpg\" style=\"object-position:62% 52%\" data-object-fit=\"cover\" data-object-position=\"62% 52%\" srcset=\"https:\/\/loszapatosdecatalina.com\/wp-content\/uploads\/2023\/05\/Gabriela-Rochin.jpg 1600w, https:\/\/loszapatosdecatalina.com\/wp-content\/uploads\/2023\/05\/Gabriela-Rochin-300x200.jpg 300w, https:\/\/loszapatosdecatalina.com\/wp-content\/uploads\/2023\/05\/Gabriela-Rochin-1024x682.jpg 1024w, https:\/\/loszapatosdecatalina.com\/wp-content\/uploads\/2023\/05\/Gabriela-Rochin-768x512.jpg 768w, https:\/\/loszapatosdecatalina.com\/wp-content\/uploads\/2023\/05\/Gabriela-Rochin-1536x1023.jpg 1536w, https:\/\/loszapatosdecatalina.com\/wp-content\/uploads\/2023\/05\/Gabriela-Rochin-600x400.jpg 600w\" sizes=\"(max-width: 1600px) 100vw, 1600px\" \/><div class=\"wp-block-cover__inner-container\">\n<p class=\"has-text-align-center has-large-font-size\"><\/p>\n<\/div><\/div>\n<\/div>\n\n\n\n<div class=\"wp-block-uagb-container uagb-block-ccb4e345\">\n<div class=\"wp-block-cover alignfull\" style=\"min-height:610px\"><span aria-hidden=\"true\" class=\"wp-block-cover__background has-ast-global-color-0-background-color has-background-dim-100 has-background-dim\"><\/span><div class=\"wp-block-cover__inner-container\">\n<p class=\"has-text-align-center\" style=\"font-size:30px\">Hacen catarsis <br>al narrar abusos<\/p>\n\n\n\n<p class=\"has-text-align-center\">Nota del diario Reforma<\/p>\n\n\n\n<div class=\"wp-block-buttons is-content-justification-center is-layout-flex wp-container-2\">\n<div class=\"wp-block-button\"><a class=\"wp-block-button__link has-ast-global-color-8-color has-ast-global-color-7-background-color has-text-color has-background has-text-align-center wp-element-button\" href=\"https:\/\/www.reforma.com\/aplicacioneslibre\/preacceso\/articulo\/default.aspx?__rval=1&amp;urlredirect=https:\/\/www.reforma.com\/hacen-catarsis-al-narrar-abusos\/ar2138412?referer=--7d616165662f3a3a6262623b727a7a7279703b767a783a--\" target=\"_blank\" rel=\"noreferrer noopener\">Leer nota<\/a><\/div>\n<\/div>\n<\/div><\/div>\n<\/div>\n<\/div>\n\n\n\n<div class=\"wp-block-cover alignfull\"><span aria-hidden=\"true\" class=\"wp-block-cover__background has-ast-global-color-1-background-color has-background-dim-100 has-background-dim\"><\/span><img decoding=\"async\" loading=\"lazy\" width=\"796\" height=\"452\" class=\"wp-block-cover__image-background wp-image-1772\" alt=\"\" src=\"https:\/\/loszapatosdecatalina.com\/wp-content\/uploads\/2023\/05\/Pantalla-nmas.png\" style=\"object-position:48% 52%\" data-object-fit=\"cover\" data-object-position=\"48% 52%\" srcset=\"https:\/\/loszapatosdecatalina.com\/wp-content\/uploads\/2023\/05\/Pantalla-nmas.png 796w, https:\/\/loszapatosdecatalina.com\/wp-content\/uploads\/2023\/05\/Pantalla-nmas-300x170.png 300w, https:\/\/loszapatosdecatalina.com\/wp-content\/uploads\/2023\/05\/Pantalla-nmas-768x436.png 768w, https:\/\/loszapatosdecatalina.com\/wp-content\/uploads\/2023\/05\/Pantalla-nmas-600x341.png 600w\" sizes=\"(max-width: 796px) 100vw, 796px\" \/><div class=\"wp-block-cover__inner-container\">\n<p class=\"has-text-align-center\" style=\"font-size:30px\">\u201cLos zapatos de Catalina\u201d, un espacio de sororidad para mujeres v\u00edctimas de violencia<\/p>\n\n\n\n<div class=\"wp-block-buttons is-content-justification-center is-layout-flex wp-container-3\">\n<div class=\"wp-block-button\"><a class=\"wp-block-button__link has-ast-global-color-7-color has-ast-global-color-8-background-color has-text-color has-background wp-element-button\" href=\"https:\/\/www.nmas.com.mx\/nmasmedia\/programas\/bien-de-buenas-paola-becerra-jesus-bahena\/videos\/los-zapatos-catalina-espacio-sororidad-para-mujeres-victimas-violencia\" target=\"_blank\" rel=\"noreferrer noopener\">Ver entrevista<\/a><\/div>\n<\/div>\n<\/div><\/div>\n\n\n\n<div class=\"wp-block-uagb-container uagb-block-c9ef08bc alignfull uagb-is-root-container\"><div class=\"uagb-container-inner-blocks-wrap\">\n<div class=\"wp-block-uagb-forms uagb-forms__outer-wrap uagb-block-f7d13e82 uagb-forms__medium-btn\"><form class=\"uagb-forms-main-form\" method=\"post\" autocomplete=\"on\" name=\"uagb-form-f7d13e82\">\n<div class=\"wp-block-uagb-forms-name uagb-forms-name-wrap uagb-forms-field-set uagb-block-36651ecc\"><div class=\"uagb-forms-name-label obligatorio uagb-forms-input-label\" id=\"36651ecc\">Nombre<\/div><input type=\"text\" placeholder=\"\" required class=\"uagb-forms-name-input uagb-forms-input\" name=\"36651ecc\" autocomplete=\"given-name\"\/><\/div>\n\n\n\n<div class=\"wp-block-uagb-forms-name uagb-forms-name-wrap uagb-forms-field-set uagb-block-7afb0219\"><div class=\"uagb-forms-name-label obligatorio uagb-forms-input-label\" id=\"7afb0219\">Apellidos<\/div><input type=\"text\" placeholder=\"\" required class=\"uagb-forms-name-input uagb-forms-input\" name=\"7afb0219\" autocomplete=\"family-name\"\/><\/div>\n\n\n\n<div class=\"wp-block-uagb-forms-email uagb-forms-email-wrap uagb-forms-field-set uagb-block-9f0f3d10\"><div class=\"uagb-forms-email-label  uagb-forms-input-label\" id=\"9f0f3d10\">Correo electr\u00f3nico<\/div><input type=\"email\" class=\"uagb-forms-email-input uagb-forms-input\" placeholder=\"ejemplo@correo.com\" name=\"9f0f3d10\" autocomplete=\"email\"\/><\/div>\n\n\n\n<div class=\"wp-block-uagb-forms-textarea uagb-forms-textarea-wrap uagb-forms-field-set uagb-block-ff09b1de\"><div class=\"uagb-forms-textarea-label obligatorio uagb-forms-input-label\" id=\"ff09b1de\">Mensaje<\/div><textarea required class=\"uagb-forms-textarea-input uagb-forms-input\" rows=\"4\" placeholder=\"Introduce tu mensaje\" name=\"ff09b1de\" autocomplete=\"off\"><\/textarea><\/div>\n<div class=\"uagb-forms-form-hidden-data\"><input type=\"hidden\" class=\"uagb_forms_form_label\" value=\"Spectra Form\"\/><input type=\"hidden\" class=\"uagb_forms_form_id\" value=\"uagb-form-f7d13e82\"\/><\/div><div class=\"uagb-form-reacaptcha-error-f7d13e82\"><\/div><div class=\"uagb-forms-main-submit-button-wrap wp-block-button\"><button class=\"uagb-forms-main-submit-button wp-block-button__link\"><div class=\"uagb-forms-main-submit-button-text\">Enviar mensaje<\/div><\/button><\/div><\/form><div class=\"uagb-forms-success-message-f7d13e82 uagb-forms-submit-message-hide\"><span>Tu mensaje se ha enviado con \u00e9xito \ud83d\ude42<\/span><\/div><div class=\"uagb-forms-failed-message-f7d13e82 uagb-forms-submit-message-hide\"><span>Ha habido un error al enviar el mensaje. Por favor, int\u00e9ntalo nuevamente. <\/span><\/div><\/div>\n<\/div><\/div>\n","protected":false},"excerpt":{"rendered":"<p>Los zapatos de Catalina Los zapatos de Catalina (@loszapatosdecatalina en Instagram y Facebook) es un espacio seguro en redes sociales en el que las mujeres pueden compartir an\u00f3nimamente sus testimonios de violencia de g\u00e9nero para romper silencios y ser escuchadas, contenidas y, de alguna manera, acompa\u00f1adas. Nunca juzgadas, violentadas, ni revictimizadas. Desde el 25 de &hellip;<\/p>\n<p class=\"read-more\"> <a class=\"\" href=\"https:\/\/loszapatosdecatalina.com\/\"> <span class=\"screen-reader-text\">Inicio<\/span> Leer m\u00e1s &raquo;<\/a><\/p>\n","protected":false},"author":1,"featured_media":0,"parent":0,"menu_order":0,"comment_status":"closed","ping_status":"closed","template":"","meta":{"om_disable_all_campaigns":false,"_uag_custom_page_level_css":"","_monsterinsights_skip_tracking":false,"_monsterinsights_sitenote_active":false,"_monsterinsights_sitenote_note":"","_monsterinsights_sitenote_category":0,"site-sidebar-layout":"no-sidebar","site-content-layout":"page-builder","ast-global-header-display":"","ast-banner-title-visibility":"","ast-main-header-display":"","ast-hfb-above-header-display":"","ast-hfb-below-header-display":"","ast-hfb-mobile-header-display":"","site-post-title":"disabled","ast-breadcrumbs-content":"disabled","ast-featured-img":"disabled","footer-sml-layout":"","theme-transparent-header-meta":"enabled","adv-header-id-meta":"","stick-header-meta":"","header-above-stick-meta":"","header-main-stick-meta":"","header-below-stick-meta":""},"aioseo_notices":[],"uagb_featured_image_src":{"full":false,"thumbnail":false,"medium":false,"medium_large":false,"large":false,"1536x1536":false,"2048x2048":false,"mailpoet_newsletter_max":false,"woocommerce_thumbnail":false,"woocommerce_single":false,"woocommerce_gallery_thumbnail":false},"uagb_author_info":{"display_name":"e.jovanycf@gmail.com","author_link":"https:\/\/loszapatosdecatalina.com\/index.php\/author\/e-jovanycfgmail-com\/"},"uagb_comment_info":0,"uagb_excerpt":"Los zapatos de Catalina Los zapatos de Catalina (@loszapatosdecatalina en Instagram y Facebook) es un espacio seguro en redes sociales en el que las mujeres pueden compartir an\u00f3nimamente sus testimonios de violencia de g\u00e9nero para romper silencios y ser escuchadas, contenidas y, de alguna manera, acompa\u00f1adas. Nunca juzgadas, violentadas, ni revictimizadas. Desde el 25 de&hellip;","_links":{"self":[{"href":"https:\/\/loszapatosdecatalina.com\/index.php\/wp-json\/wp\/v2\/pages\/896"}],"collection":[{"href":"https:\/\/loszapatosdecatalina.com\/index.php\/wp-json\/wp\/v2\/pages"}],"about":[{"href":"https:\/\/loszapatosdecatalina.com\/index.php\/wp-json\/wp\/v2\/types\/page"}],"author":[{"embeddable":true,"href":"https:\/\/loszapatosdecatalina.com\/index.php\/wp-json\/wp\/v2\/users\/1"}],"replies":[{"embeddable":true,"href":"https:\/\/loszapatosdecatalina.com\/index.php\/wp-json\/wp\/v2\/comments?post=896"}],"version-history":[{"count":70,"href":"https:\/\/loszapatosdecatalina.com\/index.php\/wp-json\/wp\/v2\/pages\/896\/revisions"}],"predecessor-version":[{"id":1867,"href":"https:\/\/loszapatosdecatalina.com\/index.php\/wp-json\/wp\/v2\/pages\/896\/revisions\/1867"}],"wp:attachment":[{"href":"https:\/\/loszapatosdecatalina.com\/index.php\/wp-json\/wp\/v2\/media?parent=896"}],"curies":[{"name":"wp","href":"https:\/\/api.w.org\/{rel}","templated":true}]}}