{"id":1818,"date":"2023-05-26T21:30:58","date_gmt":"2023-05-26T21:30:58","guid":{"rendered":"https:\/\/loszapatosdecatalina.com\/?post_type=product&#038;p=1818"},"modified":"2023-06-08T01:32:59","modified_gmt":"2023-06-08T01:32:59","slug":"lzdc-impreso","status":"publish","type":"product","link":"https:\/\/loszapatosdecatalina.com\/index.php\/product\/lzdc-impreso\/","title":{"rendered":"Los zapatos de Catalina-Impreso"},"content":{"rendered":"","protected":false},"excerpt":{"rendered":"<p>&nbsp;<\/p>\n<p>Este libro es una recopilaci\u00f3n de diez testimonios de mujeres an\u00f3nimas que estuvieron en situaci\u00f3n de refugio y\/o en el Centro de Atenci\u00f3n a la Mujer (CAM) en Hermosillo, Sonora, M\u00e9xico por violencia de g\u00e9nero extrema.<\/p>\n","protected":false},"featured_media":1819,"template":"","meta":{"om_disable_all_campaigns":false,"_uag_custom_page_level_css":"","_monsterinsights_skip_tracking":false,"_monsterinsights_sitenote_active":false,"_monsterinsights_sitenote_note":"","_monsterinsights_sitenote_category":0,"site-sidebar-layout":"default","site-content-layout":"boxed-container","ast-global-header-display":"","ast-banner-title-visibility":"","ast-main-header-display":"","ast-hfb-above-header-display":"","ast-hfb-below-header-display":"","ast-hfb-mobile-header-display":"","site-post-title":"","ast-breadcrumbs-content":"","ast-featured-img":"","footer-sml-layout":"","theme-transparent-header-meta":"default","adv-header-id-meta":"","stick-header-meta":"","header-above-stick-meta":"","header-main-stick-meta":"","header-below-stick-meta":""},"product_cat":[15],"product_tag":[],"aioseo_notices":[],"uagb_featured_image_src":{"full":["https:\/\/loszapatosdecatalina.com\/wp-content\/uploads\/2023\/05\/LZDC-Tienda.png",800,800,false],"thumbnail":["https:\/\/loszapatosdecatalina.com\/wp-content\/uploads\/2023\/05\/LZDC-Tienda-150x150.png",150,150,true],"medium":["https:\/\/loszapatosdecatalina.com\/wp-content\/uploads\/2023\/05\/LZDC-Tienda-300x300.png",300,300,true],"medium_large":["https:\/\/loszapatosdecatalina.com\/wp-content\/uploads\/2023\/05\/LZDC-Tienda-768x768.png",768,768,true],"large":["https:\/\/loszapatosdecatalina.com\/wp-content\/uploads\/2023\/05\/LZDC-Tienda.png",800,800,false],"1536x1536":["https:\/\/loszapatosdecatalina.com\/wp-content\/uploads\/2023\/05\/LZDC-Tienda.png",800,800,false],"2048x2048":["https:\/\/loszapatosdecatalina.com\/wp-content\/uploads\/2023\/05\/LZDC-Tienda.png",800,800,false],"mailpoet_newsletter_max":["https:\/\/loszapatosdecatalina.com\/wp-content\/uploads\/2023\/05\/LZDC-Tienda.png",800,800,false],"woocommerce_thumbnail":["https:\/\/loszapatosdecatalina.com\/wp-content\/uploads\/2023\/05\/LZDC-Tienda-300x300.png",300,300,true],"woocommerce_single":["https:\/\/loszapatosdecatalina.com\/wp-content\/uploads\/2023\/05\/LZDC-Tienda-600x600.png",600,600,true],"woocommerce_gallery_thumbnail":["https:\/\/loszapatosdecatalina.com\/wp-content\/uploads\/2023\/05\/LZDC-Tienda-100x100.png",100,100,true]},"uagb_author_info":{"display_name":"e.jovanycf@gmail.com","author_link":"https:\/\/loszapatosdecatalina.com\/index.php\/author\/"},"uagb_comment_info":0,"uagb_excerpt":"&nbsp; Este libro es una recopilaci\u00f3n de diez testimonios de mujeres an\u00f3nimas que estuvieron en situaci\u00f3n de refugio y\/o en el Centro de Atenci\u00f3n a la Mujer (CAM) en Hermosillo, Sonora, M\u00e9xico por violencia de g\u00e9nero extrema.","_links":{"self":[{"href":"https:\/\/loszapatosdecatalina.com\/index.php\/wp-json\/wp\/v2\/product\/1818"}],"collection":[{"href":"https:\/\/loszapatosdecatalina.com\/index.php\/wp-json\/wp\/v2\/product"}],"about":[{"href":"https:\/\/loszapatosdecatalina.com\/index.php\/wp-json\/wp\/v2\/types\/product"}],"wp:featuredmedia":[{"embeddable":true,"href":"https:\/\/loszapatosdecatalina.com\/index.php\/wp-json\/wp\/v2\/media\/1819"}],"wp:attachment":[{"href":"https:\/\/loszapatosdecatalina.com\/index.php\/wp-json\/wp\/v2\/media?parent=1818"}],"wp:term":[{"taxonomy":"product_cat","embeddable":true,"href":"https:\/\/loszapatosdecatalina.com\/index.php\/wp-json\/wp\/v2\/product_cat?post=1818"},{"taxonomy":"product_tag","embeddable":true,"href":"https:\/\/loszapatosdecatalina.com\/index.php\/wp-json\/wp\/v2\/product_tag?post=1818"}],"curies":[{"name":"wp","href":"https:\/\/api.w.org\/{rel}","templated":true}]}}